{"id":26507,"date":"2014-09-21T21:51:18","date_gmt":"2014-09-21T19:51:18","guid":{"rendered":"http:\/\/wp.1dfh.de\/wordpress\/58-internationales-s-d-fuerst-joachim-zu-fuerstenberg-gedaechtnisturnier-donaueschingen-21-09-2014\/"},"modified":"2014-09-21T22:05:30","modified_gmt":"2014-09-21T20:05:30","slug":"58-internationales-s-d-fuerst-joachim-zu-fuerstenberg-gedaechtnisturnier-donaueschingen-21-09-2014","status":"publish","type":"page","link":"https:\/\/wp.1dfh.de\/wordpress\/fotoalben\/2014-2\/58-internationales-s-d-fuerst-joachim-zu-fuerstenberg-gedaechtnisturnier-donaueschingen-21-09-2014\/","title":{"rendered":"58. Internationales S.D. F\u00fcrst Joachim zu F\u00fcrstenberg-Ged\u00e4chtnisturnier Donaueschingen 21.09.2014"},"content":{"rendered":"<p><img decoding=\"async\" class=\"ngg-singlepic ngg-right\" src=\"http:\/\/wp.1dfh.de\/wordpress\/wp-content\/gallery\/58-internationales-s-d-fuerst-joachim-zu-fuerstenberg-gedaechtnisturnier-donaueschingen-21-09-2014\/1-donaueschingen2014.jpg\" alt=\"CHI Donaueschingen 2014\" \/><\/p>\nngg_shortcode_0_placeholder\n<div class=\"ngg-related-gallery\">\n\t\t\t<a href=\"https:\/\/wp.1dfh.de\/wordpress\/wp-content\/gallery\/58-internationales-s-d-fuerst-joachim-zu-fuerstenberg-gedaechtnisturnier-donaueschingen-21-09-2014\/1-donaueschingen2014.jpg?t=1773371942\"\n\t\t\ttitle=\"CHI Donaueschingen 2014\"\n\t\t\t\t\t\t\t\t\t\t\t\t\t\t\t data-image-id=\"43080\" data-src=\"https:\/\/wp.1dfh.de\/wordpress\/wp-content\/gallery\/58-internationales-s-d-fuerst-joachim-zu-fuerstenberg-gedaechtnisturnier-donaueschingen-21-09-2014\/1-donaueschingen2014.jpg?t=1773371942\" data-thumbnail=\"https:\/\/wp.1dfh.de\/wordpress\/wp-content\/gallery\/58-internationales-s-d-fuerst-joachim-zu-fuerstenberg-gedaechtnisturnier-donaueschingen-21-09-2014\/cache\/1-donaueschingen2014.jpg-nggid0543080-ngg0dyn-100x100x100-00f0w010c011r110f110r010t010.jpg?t=1773371942\" data-title=\"CHI Donaueschingen 2014\" data-description=\"CHI Donaueschingen 2014\">\n\t\t\t<img title=\"CHI Donaueschingen 2014\"\n\t\t\t\talt=\"CHI Donaueschingen 2014\"\n\t\t\t\tdata-image-id=\"43080\"\n\t\t\t\tsrc=\"\"\/>\n\t\t<\/a>\n\t\t\t<a href=\"https:\/\/wp.1dfh.de\/wordpress\/wp-content\/gallery\/chi-donaueschingen-16-09-2012\/chi-donaueschingen12.jpg?t=1773531467\"\n\t\t\ttitle=\"CHI Donaueschingen 2012\"\n\t\t\t\t\t\t\t\t\t\t\t\t\t\t\t data-image-id=\"21184\" data-src=\"https:\/\/wp.1dfh.de\/wordpress\/wp-content\/gallery\/chi-donaueschingen-16-09-2012\/chi-donaueschingen12.jpg?t=1773531467\" data-thumbnail=\"https:\/\/wp.1dfh.de\/wordpress\/wp-content\/gallery\/chi-donaueschingen-16-09-2012\/cache\/chi-donaueschingen12.jpg-nggid0521184-ngg0dyn-100x100x100-00f0w010c011r110f110r010t010.jpg?t=1773531467\" data-title=\"CHI Donaueschingen 2012\" data-description=\"CHI Donaueschingen 2012\">\n\t\t\t<img title=\"CHI Donaueschingen 2012\"\n\t\t\t\talt=\"CHI Donaueschingen 2012\"\n\t\t\t\tdata-image-id=\"21184\"\n\t\t\t\tsrc=\"\"\/>\n\t\t<\/a>\n\t\t\t<a href=\"https:\/\/wp.1dfh.de\/wordpress\/wp-content\/gallery\/58-internationales-s-d-fuerst-joachim-zu-fuerstenberg-gedaechtnisturnier-donaueschingen-21-09-2014\/001-1dfh-21092014-000.jpg?t=1773531467\"\n\t\t\ttitle=\"CHI Donaueschingen 2014\"\n\t\t\t\t\t\t\t\t\t\t\t\t\t\t\t data-image-id=\"42834\" data-src=\"https:\/\/wp.1dfh.de\/wordpress\/wp-content\/gallery\/58-internationales-s-d-fuerst-joachim-zu-fuerstenberg-gedaechtnisturnier-donaueschingen-21-09-2014\/001-1dfh-21092014-000.jpg?t=1773531467\" data-thumbnail=\"https:\/\/wp.1dfh.de\/wordpress\/wp-content\/gallery\/58-internationales-s-d-fuerst-joachim-zu-fuerstenberg-gedaechtnisturnier-donaueschingen-21-09-2014\/cache\/001-1dfh-21092014-000.jpg-nggid0542834-ngg0dyn-100x100x100-00f0w010c011r110f110r010t010.jpg?t=1773531467\" data-title=\"CHI Donaueschingen 2014\" data-description=\"CHI Donaueschingen 2014\">\n\t\t\t<img title=\"CHI Donaueschingen 2014\"\n\t\t\t\talt=\"CHI Donaueschingen 2014\"\n\t\t\t\tdata-image-id=\"42834\"\n\t\t\t\tsrc=\"\"\/>\n\t\t<\/a>\n\t\t\t<a href=\"https:\/\/wp.1dfh.de\/wordpress\/wp-content\/gallery\/chi-donaueschingen-16-09-2012\/1dfh-chi-donaueschingen-000.jpg?t=1773531467\"\n\t\t\ttitle=\"CHI Donaueschingen\"\n\t\t\t\t\t\t\t\t\t\t\t\t\t\t\t data-image-id=\"21162\" data-src=\"https:\/\/wp.1dfh.de\/wordpress\/wp-content\/gallery\/chi-donaueschingen-16-09-2012\/1dfh-chi-donaueschingen-000.jpg?t=1773531467\" data-thumbnail=\"https:\/\/wp.1dfh.de\/wordpress\/wp-content\/gallery\/chi-donaueschingen-16-09-2012\/cache\/1dfh-chi-donaueschingen-000.jpg-nggid0521162-ngg0dyn-100x100x100-00f0w010c011r110f110r010t010.jpg?t=1773531467\" data-title=\"CHI Donaueschingen\" data-description=\"CHI Donaueschingen\">\n\t\t\t<img title=\"CHI Donaueschingen\"\n\t\t\t\talt=\"CHI Donaueschingen\"\n\t\t\t\tdata-image-id=\"21162\"\n\t\t\t\tsrc=\"\"\/>\n\t\t<\/a>\n\t\t\t<a href=\"https:\/\/wp.1dfh.de\/wordpress\/wp-content\/gallery\/58-internationales-s-d-fuerst-joachim-zu-fuerstenberg-gedaechtnisturnier-donaueschingen-21-09-2014\/002-1dfh-21092014-001.jpg?t=1773531467\"\n\t\t\ttitle=\"CHI Donaueschingen 2014\"\n\t\t\t\t\t\t\t\t\t\t\t\t\t\t\t data-image-id=\"42835\" data-src=\"https:\/\/wp.1dfh.de\/wordpress\/wp-content\/gallery\/58-internationales-s-d-fuerst-joachim-zu-fuerstenberg-gedaechtnisturnier-donaueschingen-21-09-2014\/002-1dfh-21092014-001.jpg?t=1773531467\" data-thumbnail=\"https:\/\/wp.1dfh.de\/wordpress\/wp-content\/gallery\/58-internationales-s-d-fuerst-joachim-zu-fuerstenberg-gedaechtnisturnier-donaueschingen-21-09-2014\/cache\/002-1dfh-21092014-001.jpg-nggid0542835-ngg0dyn-100x100x100-00f0w010c011r110f110r010t010.jpg?t=1773531467\" data-title=\"CHI Donaueschingen 2014\" data-description=\"CHI Donaueschingen 2014\">\n\t\t\t<img title=\"CHI Donaueschingen 2014\"\n\t\t\t\talt=\"CHI Donaueschingen 2014\"\n\t\t\t\tdata-image-id=\"42835\"\n\t\t\t\tsrc=\"\"\/>\n\t\t<\/a>\n\t\t\t<a href=\"https:\/\/wp.1dfh.de\/wordpress\/wp-content\/gallery\/chi-donaueschingen-16-09-2012\/1dfh-chi-donaueschingen-001.jpg?t=1773531467\"\n\t\t\ttitle=\"CHI Donaueschingen\"\n\t\t\t\t\t\t\t\t\t\t\t\t\t\t\t data-image-id=\"21163\" data-src=\"https:\/\/wp.1dfh.de\/wordpress\/wp-content\/gallery\/chi-donaueschingen-16-09-2012\/1dfh-chi-donaueschingen-001.jpg?t=1773531467\" data-thumbnail=\"https:\/\/wp.1dfh.de\/wordpress\/wp-content\/gallery\/chi-donaueschingen-16-09-2012\/cache\/1dfh-chi-donaueschingen-001.jpg-nggid0521163-ngg0dyn-100x100x100-00f0w010c011r110f110r010t010.jpg?t=1773531467\" data-title=\"CHI Donaueschingen\" data-description=\"CHI Donaueschingen\">\n\t\t\t<img title=\"CHI Donaueschingen\"\n\t\t\t\talt=\"CHI Donaueschingen\"\n\t\t\t\tdata-image-id=\"21163\"\n\t\t\t\tsrc=\"\"\/>\n\t\t<\/a>\n\t\t\t<a href=\"https:\/\/wp.1dfh.de\/wordpress\/wp-content\/gallery\/58-internationales-s-d-fuerst-joachim-zu-fuerstenberg-gedaechtnisturnier-donaueschingen-21-09-2014\/003-1dfh-21092014-002.jpg?t=1773531467\"\n\t\t\ttitle=\"CHI Donaueschingen 2014\"\n\t\t\t\t\t\t\t\t\t\t\t\t\t\t\t data-image-id=\"42836\" data-src=\"https:\/\/wp.1dfh.de\/wordpress\/wp-content\/gallery\/58-internationales-s-d-fuerst-joachim-zu-fuerstenberg-gedaechtnisturnier-donaueschingen-21-09-2014\/003-1dfh-21092014-002.jpg?t=1773531467\" data-thumbnail=\"https:\/\/wp.1dfh.de\/wordpress\/wp-content\/gallery\/58-internationales-s-d-fuerst-joachim-zu-fuerstenberg-gedaechtnisturnier-donaueschingen-21-09-2014\/cache\/003-1dfh-21092014-002.jpg-nggid0542836-ngg0dyn-100x100x100-00f0w010c011r110f110r010t010.jpg?t=1773531467\" data-title=\"CHI Donaueschingen 2014\" data-description=\"CHI Donaueschingen 2014\">\n\t\t\t<img title=\"CHI Donaueschingen 2014\"\n\t\t\t\talt=\"CHI Donaueschingen 2014\"\n\t\t\t\tdata-image-id=\"42836\"\n\t\t\t\tsrc=\"\"\/>\n\t\t<\/a>\n\t<\/div>\n","protected":false},"excerpt":{"rendered":"","protected":false},"author":2,"featured_media":0,"parent":24890,"menu_order":111,"comment_status":"open","ping_status":"closed","template":"","meta":{"ngg_post_thumbnail":0,"footnotes":""},"class_list":["post-26507","page","type-page","status-publish","hentry"],"_links":{"self":[{"href":"https:\/\/wp.1dfh.de\/wordpress\/wp-json\/wp\/v2\/pages\/26507","targetHints":{"allow":["GET"]}}],"collection":[{"href":"https:\/\/wp.1dfh.de\/wordpress\/wp-json\/wp\/v2\/pages"}],"about":[{"href":"https:\/\/wp.1dfh.de\/wordpress\/wp-json\/wp\/v2\/types\/page"}],"author":[{"embeddable":true,"href":"https:\/\/wp.1dfh.de\/wordpress\/wp-json\/wp\/v2\/users\/2"}],"replies":[{"embeddable":true,"href":"https:\/\/wp.1dfh.de\/wordpress\/wp-json\/wp\/v2\/comments?post=26507"}],"version-history":[{"count":0,"href":"https:\/\/wp.1dfh.de\/wordpress\/wp-json\/wp\/v2\/pages\/26507\/revisions"}],"up":[{"embeddable":true,"href":"https:\/\/wp.1dfh.de\/wordpress\/wp-json\/wp\/v2\/pages\/24890"}],"wp:attachment":[{"href":"https:\/\/wp.1dfh.de\/wordpress\/wp-json\/wp\/v2\/media?parent=26507"}],"curies":[{"name":"wp","href":"https:\/\/api.w.org\/{rel}","templated":true}]}}