{"id":31086,"date":"2017-06-10T13:17:41","date_gmt":"2017-06-10T11:17:41","guid":{"rendered":"http:\/\/wp.1dfh.de\/wordpress\/uebersberg-segelflugwettbewerb-04-06-2017\/"},"modified":"2017-06-11T01:46:47","modified_gmt":"2017-06-10T23:46:47","slug":"uebersberg-segelflugwettbewerb-04-06-2017","status":"publish","type":"page","link":"https:\/\/wp.1dfh.de\/wordpress\/fotoalben\/2017-2\/uebersberg-segelflugwettbewerb-04-06-2017\/","title":{"rendered":"\u00dcbersberg Segelflugwettbewerb 04.06.2017"},"content":{"rendered":"ngg_shortcode_0_placeholder\n<p>\u00dcbersberg,\u00dcbersberg Segelflugwettbewerb, SB-10, 15. \u00dcbersberg Wettbewerb<\/p>\n<div class=\"ngg-related-gallery\">\n\t\t\t<a href=\"https:\/\/wp.1dfh.de\/wordpress\/wp-content\/gallery\/airgames07\/1dfh-airgames-07-2_0001.JPG?t=1773390884\"\n\t\t\ttitle=\" \"\n\t\t\t\t\t\t\t\t\t\t\t\t\t\t\t data-image-id=\"176\" data-src=\"https:\/\/wp.1dfh.de\/wordpress\/wp-content\/gallery\/airgames07\/1dfh-airgames-07-2_0001.JPG?t=1773390884\" data-thumbnail=\"https:\/\/wp.1dfh.de\/wordpress\/wp-content\/gallery\/airgames07\/cache\/1dfh-airgames-07-2_0001.JPG-nggid03176-ngg0dyn-100x100x100-00f0w010c011r110f110r010t010.JPG?t=1773390884\" data-title=\"1dfh-airgames-07-2_0001\" data-description=\" \">\n\t\t\t<img title=\"1dfh-airgames-07-2_0001\"\n\t\t\t\talt=\"1dfh-airgames-07-2_0001\"\n\t\t\t\tdata-image-id=\"176\"\n\t\t\t\tsrc=\"\"\/>\n\t\t<\/a>\n\t\t\t<a href=\"https:\/\/wp.1dfh.de\/wordpress\/wp-content\/gallery\/airgames07\/1dfh-airgames-07-2_0002.JPG?t=1773370967\"\n\t\t\ttitle=\" \"\n\t\t\t\t\t\t\t\t\t\t\t\t\t\t\t data-image-id=\"177\" data-src=\"https:\/\/wp.1dfh.de\/wordpress\/wp-content\/gallery\/airgames07\/1dfh-airgames-07-2_0002.JPG?t=1773370967\" data-thumbnail=\"https:\/\/wp.1dfh.de\/wordpress\/wp-content\/gallery\/airgames07\/cache\/1dfh-airgames-07-2_0002.JPG-nggid03177-ngg0dyn-100x100x100-00f0w010c011r110f110r010t010.JPG?t=1773370967\" data-title=\"1dfh-airgames-07-2_0002\" data-description=\" \">\n\t\t\t<img title=\"1dfh-airgames-07-2_0002\"\n\t\t\t\talt=\"1dfh-airgames-07-2_0002\"\n\t\t\t\tdata-image-id=\"177\"\n\t\t\t\tsrc=\"\"\/>\n\t\t<\/a>\n\t\t\t<a href=\"https:\/\/wp.1dfh.de\/wordpress\/wp-content\/gallery\/airgames07\/1dfh-airgames-07-2_0003.JPG?t=1773370958\"\n\t\t\ttitle=\" \"\n\t\t\t\t\t\t\t\t\t\t\t\t\t\t\t data-image-id=\"178\" data-src=\"https:\/\/wp.1dfh.de\/wordpress\/wp-content\/gallery\/airgames07\/1dfh-airgames-07-2_0003.JPG?t=1773370958\" data-thumbnail=\"https:\/\/wp.1dfh.de\/wordpress\/wp-content\/gallery\/airgames07\/cache\/1dfh-airgames-07-2_0003.JPG-nggid03178-ngg0dyn-100x100x100-00f0w010c011r110f110r010t010.JPG?t=1773370958\" data-title=\"1dfh-airgames-07-2_0003\" data-description=\" \">\n\t\t\t<img title=\"1dfh-airgames-07-2_0003\"\n\t\t\t\talt=\"1dfh-airgames-07-2_0003\"\n\t\t\t\tdata-image-id=\"178\"\n\t\t\t\tsrc=\"\"\/>\n\t\t<\/a>\n\t\t\t<a href=\"https:\/\/wp.1dfh.de\/wordpress\/wp-content\/gallery\/airgames07\/1dfh-airgames-07-2_0004.JPG?t=1773370958\"\n\t\t\ttitle=\" \"\n\t\t\t\t\t\t\t\t\t\t\t\t\t\t\t data-image-id=\"179\" data-src=\"https:\/\/wp.1dfh.de\/wordpress\/wp-content\/gallery\/airgames07\/1dfh-airgames-07-2_0004.JPG?t=1773370958\" data-thumbnail=\"https:\/\/wp.1dfh.de\/wordpress\/wp-content\/gallery\/airgames07\/cache\/1dfh-airgames-07-2_0004.JPG-nggid03179-ngg0dyn-100x100x100-00f0w010c011r110f110r010t010.JPG?t=1773370958\" data-title=\"1dfh-airgames-07-2_0004\" data-description=\" \">\n\t\t\t<img title=\"1dfh-airgames-07-2_0004\"\n\t\t\t\talt=\"1dfh-airgames-07-2_0004\"\n\t\t\t\tdata-image-id=\"179\"\n\t\t\t\tsrc=\"\"\/>\n\t\t<\/a>\n\t\t\t<a href=\"https:\/\/wp.1dfh.de\/wordpress\/wp-content\/gallery\/airgames07\/1dfh-airgames-07-ft_0001.JPG?t=1773390874\"\n\t\t\ttitle=\" \"\n\t\t\t\t\t\t\t\t\t\t\t\t\t\t\t data-image-id=\"180\" data-src=\"https:\/\/wp.1dfh.de\/wordpress\/wp-content\/gallery\/airgames07\/1dfh-airgames-07-ft_0001.JPG?t=1773390874\" data-thumbnail=\"https:\/\/wp.1dfh.de\/wordpress\/wp-content\/gallery\/airgames07\/cache\/1dfh-airgames-07-ft_0001.JPG-nggid03180-ngg0dyn-100x100x100-00f0w010c011r110f110r010t010.JPG?t=1773390874\" data-title=\"1dfh-airgames-07-ft_0001\" data-description=\" \">\n\t\t\t<img title=\"1dfh-airgames-07-ft_0001\"\n\t\t\t\talt=\"1dfh-airgames-07-ft_0001\"\n\t\t\t\tdata-image-id=\"180\"\n\t\t\t\tsrc=\"\"\/>\n\t\t<\/a>\n\t\t\t<a href=\"https:\/\/wp.1dfh.de\/wordpress\/wp-content\/gallery\/airgames07\/1dfh-airgames-07-ft_0002.JPG?t=1773390874\"\n\t\t\ttitle=\"Modellballon\"\n\t\t\t\t\t\t\t\t\t\t\t\t\t\t\t data-image-id=\"181\" data-src=\"https:\/\/wp.1dfh.de\/wordpress\/wp-content\/gallery\/airgames07\/1dfh-airgames-07-ft_0002.JPG?t=1773390874\" data-thumbnail=\"https:\/\/wp.1dfh.de\/wordpress\/wp-content\/gallery\/airgames07\/cache\/1dfh-airgames-07-ft_0002.JPG-nggid03181-ngg0dyn-100x100x100-00f0w010c011r110f110r010t010.JPG?t=1773390874\" data-title=\"1dfh-airgames-07-ft_0002\" data-description=\"Modellballon\">\n\t\t\t<img title=\"1dfh-airgames-07-ft_0002\"\n\t\t\t\talt=\"1dfh-airgames-07-ft_0002\"\n\t\t\t\tdata-image-id=\"181\"\n\t\t\t\tsrc=\"\"\/>\n\t\t<\/a>\n\t\t\t<a href=\"https:\/\/wp.1dfh.de\/wordpress\/wp-content\/gallery\/airgames07\/1dfh-airgames-07-ft_0003.JPG?t=1773390874\"\n\t\t\ttitle=\"Me109G\"\n\t\t\t\t\t\t\t\t\t\t\t\t\t\t\t data-image-id=\"182\" data-src=\"https:\/\/wp.1dfh.de\/wordpress\/wp-content\/gallery\/airgames07\/1dfh-airgames-07-ft_0003.JPG?t=1773390874\" data-thumbnail=\"https:\/\/wp.1dfh.de\/wordpress\/wp-content\/gallery\/airgames07\/cache\/1dfh-airgames-07-ft_0003.JPG-nggid03182-ngg0dyn-100x100x100-00f0w010c011r110f110r010t010.JPG?t=1773390874\" data-title=\"1dfh-airgames-07-ft_0003\" data-description=\"Me109G\">\n\t\t\t<img title=\"1dfh-airgames-07-ft_0003\"\n\t\t\t\talt=\"1dfh-airgames-07-ft_0003\"\n\t\t\t\tdata-image-id=\"182\"\n\t\t\t\tsrc=\"\"\/>\n\t\t<\/a>\n\t<\/div>\n","protected":false},"excerpt":{"rendered":"<p>\u00dcbersberg,\u00dcbersberg Segelflugwettbewerb, SB-10, 15. \u00dcbersberg Wettbewerb<\/p>\n","protected":false},"author":2,"featured_media":0,"parent":30905,"menu_order":0,"comment_status":"closed","ping_status":"closed","template":"","meta":{"ngg_post_thumbnail":0,"footnotes":""},"class_list":["post-31086","page","type-page","status-publish","hentry"],"_links":{"self":[{"href":"https:\/\/wp.1dfh.de\/wordpress\/wp-json\/wp\/v2\/pages\/31086","targetHints":{"allow":["GET"]}}],"collection":[{"href":"https:\/\/wp.1dfh.de\/wordpress\/wp-json\/wp\/v2\/pages"}],"about":[{"href":"https:\/\/wp.1dfh.de\/wordpress\/wp-json\/wp\/v2\/types\/page"}],"author":[{"embeddable":true,"href":"https:\/\/wp.1dfh.de\/wordpress\/wp-json\/wp\/v2\/users\/2"}],"replies":[{"embeddable":true,"href":"https:\/\/wp.1dfh.de\/wordpress\/wp-json\/wp\/v2\/comments?post=31086"}],"version-history":[{"count":3,"href":"https:\/\/wp.1dfh.de\/wordpress\/wp-json\/wp\/v2\/pages\/31086\/revisions"}],"predecessor-version":[{"id":31100,"href":"https:\/\/wp.1dfh.de\/wordpress\/wp-json\/wp\/v2\/pages\/31086\/revisions\/31100"}],"up":[{"embeddable":true,"href":"https:\/\/wp.1dfh.de\/wordpress\/wp-json\/wp\/v2\/pages\/30905"}],"wp:attachment":[{"href":"https:\/\/wp.1dfh.de\/wordpress\/wp-json\/wp\/v2\/media?parent=31086"}],"curies":[{"name":"wp","href":"https:\/\/api.w.org\/{rel}","templated":true}]}}